{"id":1715,"date":"2026-02-18T13:21:23","date_gmt":"2026-02-18T13:21:23","guid":{"rendered":"https:\/\/my-brand.it\/quienes-somos\/"},"modified":"2026-04-15T15:53:55","modified_gmt":"2026-04-15T15:53:55","slug":"quienes-somos","status":"publish","type":"page","link":"https:\/\/my-brand.it\/es\/quienes-somos\/","title":{"rendered":"QUI\u00c9NES SOMOS"},"content":{"rendered":"\t\t<div data-elementor-type=\"wp-page\" data-elementor-id=\"1715\" class=\"elementor elementor-1715 elementor-1145\" data-elementor-post-type=\"page\">\n\t\t\t\t<div class=\"elementor-element elementor-element-8436508 e-flex e-con-boxed e-con e-parent\" data-id=\"8436508\" data-element_type=\"container\" data-e-type=\"container\">\n\t\t\t\t\t<div class=\"e-con-inner\">\n\t\t<div class=\"elementor-element elementor-element-c2bae3d e-con-full e-flex e-con e-child\" data-id=\"c2bae3d\" data-element_type=\"container\" data-e-type=\"container\">\n\t\t\t\t<div class=\"elementor-element elementor-element-f79e079 elementor-widget elementor-widget-image\" data-id=\"f79e079\" data-element_type=\"widget\" data-e-type=\"widget\" data-widget_type=\"image.default\">\n\t\t\t\t\t\t\t\t\t\t\t\t\t\t\t<img decoding=\"async\" src=\"https:\/\/my-brand.it\/wp-content\/uploads\/2026\/03\/030_DeniseScala-__DSC8304-FotoSitoWeb.jpg\" title=\"\" alt=\"\" loading=\"lazy\" \/>\t\t\t\t\t\t\t\t\t\t\t\t\t\t\t<\/div>\n\t\t\t\t<\/div>\n\t\t<div class=\"elementor-element elementor-element-fd01eb7 e-con-full e-flex e-con e-child\" data-id=\"fd01eb7\" data-element_type=\"container\" data-e-type=\"container\">\n\t\t\t\t<div class=\"elementor-element elementor-element-e133f73 elementor-widget elementor-widget-text-editor\" data-id=\"e133f73\" data-element_type=\"widget\" data-e-type=\"widget\" data-widget_type=\"text-editor.default\">\n\t\t\t\t\t\t\t\t\t<h1 dir=\"auto\">Tu marca,<\/h1><h1 dir=\"auto\">Con la seguridad de un socio experto<\/h1><p dir=\"auto\">My Brand nace de la experiencia de treinta a\u00f1os de C.O.D. Group en la producci\u00f3n de productos profesionales para el cabello en el \u00e1mbito de private label.<\/p><p dir=\"auto\">Te guiamos paso a paso en la creaci\u00f3n de tu l\u00ednea, sin complicaciones.<\/p>\t\t\t\t\t\t\t\t<\/div>\n\t\t\t\t<\/div>\n\t\t\t\t\t<\/div>\n\t\t\t\t<\/div>\n\t\t<div class=\"elementor-element elementor-element-2718bfc e-flex e-con-boxed e-con e-parent\" data-id=\"2718bfc\" data-element_type=\"container\" data-e-type=\"container\">\n\t\t\t\t\t<div class=\"e-con-inner\">\n\t\t\t\t<div class=\"elementor-element elementor-element-49ad70b elementor-widget elementor-widget-spacer\" data-id=\"49ad70b\" data-element_type=\"widget\" data-e-type=\"widget\" data-widget_type=\"spacer.default\">\n\t\t\t\t\t\t\t<div class=\"elementor-spacer\">\n\t\t\t<div class=\"elementor-spacer-inner\"><\/div>\n\t\t<\/div>\n\t\t\t\t\t\t<\/div>\n\t\t\t\t\t<\/div>\n\t\t\t\t<\/div>\n\t\t<div class=\"elementor-element elementor-element-9551493 e-flex e-con-boxed e-con e-parent\" data-id=\"9551493\" data-element_type=\"container\" data-e-type=\"container\" data-settings=\"{&quot;background_background&quot;:&quot;classic&quot;}\">\n\t\t\t\t\t<div class=\"e-con-inner\">\n\t\t\t\t<div class=\"elementor-element elementor-element-732df48 elementor-invisible elementor-widget elementor-widget-text-editor\" data-id=\"732df48\" data-element_type=\"widget\" data-e-type=\"widget\" data-settings=\"{&quot;_animation&quot;:&quot;fadeInUp&quot;}\" data-widget_type=\"text-editor.default\">\n\t\t\t\t\t\t\t\t\t<p dir=\"auto\">Treinta a\u00f1os de experiencia en la producci\u00f3n profesional de productos capilares nos han permitido desarrollar m\u00e1s de 2\u202f500 f\u00f3rmulas y colaborar con miles de salones. Con My Brand llevamos este know-how directamente a ti, para que puedas hacer realidad tu sue\u00f1o sin estr\u00e9s y con resultados garantizados. <\/p><p dir=\"auto\">My Brand es nuestra manera de hacer simple y real lo que antes parec\u00eda complicado.<\/p>\t\t\t\t\t\t\t\t<\/div>\n\t\t\t\t\t<\/div>\n\t\t\t\t<\/div>\n\t\t<div class=\"elementor-element elementor-element-4eceab1 e-flex e-con-boxed e-con e-parent\" data-id=\"4eceab1\" data-element_type=\"container\" data-e-type=\"container\">\n\t\t\t\t\t<div class=\"e-con-inner\">\n\t\t\t\t<div class=\"elementor-element elementor-element-d49810d elementor-widget elementor-widget-spacer\" data-id=\"d49810d\" data-element_type=\"widget\" data-e-type=\"widget\" data-widget_type=\"spacer.default\">\n\t\t\t\t\t\t\t<div class=\"elementor-spacer\">\n\t\t\t<div class=\"elementor-spacer-inner\"><\/div>\n\t\t<\/div>\n\t\t\t\t\t\t<\/div>\n\t\t\t\t\t<\/div>\n\t\t\t\t<\/div>\n\t\t<div class=\"elementor-element elementor-element-c0d8fcb e-flex e-con-boxed e-con e-parent\" data-id=\"c0d8fcb\" data-element_type=\"container\" data-e-type=\"container\">\n\t\t\t\t\t<div class=\"e-con-inner\">\n\t\t\t\t<div class=\"elementor-element elementor-element-f477140 elementor-widget elementor-widget-image\" data-id=\"f477140\" data-element_type=\"widget\" data-e-type=\"widget\" data-widget_type=\"image.default\">\n\t\t\t\t\t\t\t\t\t\t\t\t\t\t\t<img fetchpriority=\"high\" decoding=\"async\" width=\"800\" height=\"209\" src=\"https:\/\/my-brand.it\/wp-content\/uploads\/2025\/09\/Top-Prodotti-1024x267.jpg\" class=\"attachment-large size-large wp-image-1714\" alt=\"\" srcset=\"https:\/\/my-brand.it\/wp-content\/uploads\/2025\/09\/Top-Prodotti-1024x267.jpg 1024w, https:\/\/my-brand.it\/wp-content\/uploads\/2025\/09\/Top-Prodotti-600x156.jpg 600w, https:\/\/my-brand.it\/wp-content\/uploads\/2025\/09\/Top-Prodotti-300x78.jpg 300w, https:\/\/my-brand.it\/wp-content\/uploads\/2025\/09\/Top-Prodotti-768x200.jpg 768w, https:\/\/my-brand.it\/wp-content\/uploads\/2025\/09\/Top-Prodotti-1536x400.jpg 1536w, https:\/\/my-brand.it\/wp-content\/uploads\/2025\/09\/Top-Prodotti-700x182.jpg 700w, https:\/\/my-brand.it\/wp-content\/uploads\/2025\/09\/Top-Prodotti.jpg 1600w\" sizes=\"(max-width: 800px) 100vw, 800px\" \/>\t\t\t\t\t\t\t\t\t\t\t\t\t\t\t<\/div>\n\t\t\t\t\t<\/div>\n\t\t\t\t<\/div>\n\t\t<div class=\"elementor-element elementor-element-cf0da26 e-flex e-con-boxed e-con e-parent\" data-id=\"cf0da26\" data-element_type=\"container\" data-e-type=\"container\">\n\t\t\t\t\t<div class=\"e-con-inner\">\n\t\t\t\t<div class=\"elementor-element elementor-element-558a47c elementor-widget elementor-widget-spacer\" data-id=\"558a47c\" data-element_type=\"widget\" data-e-type=\"widget\" data-widget_type=\"spacer.default\">\n\t\t\t\t\t\t\t<div class=\"elementor-spacer\">\n\t\t\t<div class=\"elementor-spacer-inner\"><\/div>\n\t\t<\/div>\n\t\t\t\t\t\t<\/div>\n\t\t\t\t\t<\/div>\n\t\t\t\t<\/div>\n\t\t<div class=\"elementor-element elementor-element-c3f1b0d e-flex e-con-boxed e-con e-parent\" data-id=\"c3f1b0d\" data-element_type=\"container\" data-e-type=\"container\">\n\t\t\t\t\t<div class=\"e-con-inner\">\n\t\t<div class=\"elementor-element elementor-element-b36d708 e-con-full elementor-hidden-mobile e-flex e-con e-child\" data-id=\"b36d708\" data-element_type=\"container\" data-e-type=\"container\">\n\t\t\t\t<\/div>\n\t\t<div class=\"elementor-element elementor-element-f7b4e9e e-con-full e-flex elementor-invisible e-con e-child\" data-id=\"f7b4e9e\" data-element_type=\"container\" data-e-type=\"container\" data-settings=\"{&quot;animation&quot;:&quot;fadeInUp&quot;}\">\n\t\t\t\t<div class=\"elementor-element elementor-element-d5caf8a elementor-widget elementor-widget-text-editor\" data-id=\"d5caf8a\" data-element_type=\"widget\" data-e-type=\"widget\" data-widget_type=\"text-editor.default\">\n\t\t\t\t\t\t\t\t\t<p dir=\"auto\">Soporte \u2192 nuestro equipo te gu\u00eda paso a paso en la creaci\u00f3n de tu l\u00ednea.<\/p><p dir=\"auto\">Flexibilidad \u2192 produce tu l\u00ednea a partir de solo 6 unidades, sin riesgos.<\/p><p dir=\"auto\">Calidad profesional \u2192 f\u00f3rmulas seguras, probadas y listas para usar en el sal\u00f3n.<\/p><p dir=\"auto\">Libertad de marca \u2192 creamos tu etiqueta con tu logo, t\u00fa gestionas tus m\u00e1rgenes y tu marca.<\/p>\t\t\t\t\t\t\t\t<\/div>\n\t\t\t\t<\/div>\n\t\t<div class=\"elementor-element elementor-element-269fd03 e-con-full elementor-hidden-mobile e-flex e-con e-child\" data-id=\"269fd03\" data-element_type=\"container\" data-e-type=\"container\">\n\t\t\t\t<\/div>\n\t\t\t\t\t<\/div>\n\t\t\t\t<\/div>\n\t\t<div class=\"elementor-element elementor-element-74c91de e-flex e-con-boxed e-con e-parent\" data-id=\"74c91de\" data-element_type=\"container\" data-e-type=\"container\">\n\t\t\t\t\t<div class=\"e-con-inner\">\n\t\t\t\t<div class=\"elementor-element elementor-element-a5a1bd1 elementor-widget elementor-widget-spacer\" data-id=\"a5a1bd1\" data-element_type=\"widget\" data-e-type=\"widget\" data-widget_type=\"spacer.default\">\n\t\t\t\t\t\t\t<div class=\"elementor-spacer\">\n\t\t\t<div class=\"elementor-spacer-inner\"><\/div>\n\t\t<\/div>\n\t\t\t\t\t\t<\/div>\n\t\t\t\t\t<\/div>\n\t\t\t\t<\/div>\n\t\t<div class=\"elementor-element elementor-element-1f78715 e-flex e-con-boxed e-con e-parent\" data-id=\"1f78715\" data-element_type=\"container\" data-e-type=\"container\" data-settings=\"{&quot;background_background&quot;:&quot;classic&quot;}\">\n\t\t\t\t\t<div class=\"e-con-inner\">\n\t\t<div class=\"elementor-element elementor-element-d763b2c e-con-full e-flex e-con e-child\" data-id=\"d763b2c\" data-element_type=\"container\" data-e-type=\"container\">\n\t\t\t\t<div class=\"elementor-element elementor-element-41fe5bf elementor-align-center elementor-widget elementor-widget-button\" data-id=\"41fe5bf\" data-element_type=\"widget\" data-e-type=\"widget\" data-widget_type=\"button.default\">\n\t\t\t\t\t\t\t\t\t\t<a class=\"elementor-button elementor-button-link elementor-size-sm elementor-animation-grow\" href=\"https:\/\/my-brand.it\/es\/la-linea\/\">\n\t\t\t\t\t\t<span class=\"elementor-button-content-wrapper\">\n\t\t\t\t\t\t\t\t\t<span class=\"elementor-button-text\">Descubre los productos<\/span>\n\t\t\t\t\t<\/span>\n\t\t\t\t\t<\/a>\n\t\t\t\t\t\t\t\t<\/div>\n\t\t\t\t<\/div>\n\t\t<div class=\"elementor-element elementor-element-90ad293 e-con-full e-flex e-con e-child\" data-id=\"90ad293\" data-element_type=\"container\" data-e-type=\"container\">\n\t\t\t\t<div class=\"elementor-element elementor-element-bfe3d9a elementor-widget elementor-widget-text-editor\" data-id=\"bfe3d9a\" data-element_type=\"widget\" data-e-type=\"widget\" data-widget_type=\"text-editor.default\">\n\t\t\t\t\t\t\t\t\t<p>La elecci\u00f3n de tus productos es lo \u00fanico que te separa de la creaci\u00f3n de tu marca.<\/p>\t\t\t\t\t\t\t\t<\/div>\n\t\t\t\t<\/div>\n\t\t\t\t\t<\/div>\n\t\t\t\t<\/div>\n\t\t\t\t<\/div>\n\t\t","protected":false},"excerpt":{"rendered":"<p>Tu marca, Con la seguridad de un socio experto My Brand nace de la experiencia de treinta a\u00f1os de C.O.D. Group en la producci\u00f3n de productos profesionales para el cabello en el \u00e1mbito de private label. Te guiamos paso a paso en la creaci\u00f3n de tu l\u00ednea, sin complicaciones. Treinta a\u00f1os de experiencia en la [&hellip;]<\/p>\n","protected":false},"author":1,"featured_media":1815,"parent":0,"menu_order":0,"comment_status":"closed","ping_status":"closed","template":"","meta":{"footnotes":""},"class_list":["post-1715","page","type-page","status-publish","has-post-thumbnail","hentry"],"_links":{"self":[{"href":"https:\/\/my-brand.it\/es\/wp-json\/wp\/v2\/pages\/1715","targetHints":{"allow":["GET"]}}],"collection":[{"href":"https:\/\/my-brand.it\/es\/wp-json\/wp\/v2\/pages"}],"about":[{"href":"https:\/\/my-brand.it\/es\/wp-json\/wp\/v2\/types\/page"}],"author":[{"embeddable":true,"href":"https:\/\/my-brand.it\/es\/wp-json\/wp\/v2\/users\/1"}],"replies":[{"embeddable":true,"href":"https:\/\/my-brand.it\/es\/wp-json\/wp\/v2\/comments?post=1715"}],"version-history":[{"count":7,"href":"https:\/\/my-brand.it\/es\/wp-json\/wp\/v2\/pages\/1715\/revisions"}],"predecessor-version":[{"id":2373,"href":"https:\/\/my-brand.it\/es\/wp-json\/wp\/v2\/pages\/1715\/revisions\/2373"}],"wp:featuredmedia":[{"embeddable":true,"href":"https:\/\/my-brand.it\/es\/wp-json\/wp\/v2\/media\/1815"}],"wp:attachment":[{"href":"https:\/\/my-brand.it\/es\/wp-json\/wp\/v2\/media?parent=1715"}],"curies":[{"name":"wp","href":"https:\/\/api.w.org\/{rel}","templated":true}]}}