{"id":1699,"date":"2026-02-18T13:21:23","date_gmt":"2026-02-18T13:21:23","guid":{"rendered":"https:\/\/my-brand.it\/qui-nous-sommes\/"},"modified":"2026-04-15T15:53:15","modified_gmt":"2026-04-15T15:53:15","slug":"qui-nous-sommes","status":"publish","type":"page","link":"https:\/\/my-brand.it\/fr\/qui-nous-sommes\/","title":{"rendered":"QUI NOUS SOMMES"},"content":{"rendered":"\t\t<div data-elementor-type=\"wp-page\" data-elementor-id=\"1699\" class=\"elementor elementor-1699 elementor-1145\" data-elementor-post-type=\"page\">\n\t\t\t\t<div class=\"elementor-element elementor-element-8436508 e-flex e-con-boxed e-con e-parent\" data-id=\"8436508\" data-element_type=\"container\" data-e-type=\"container\">\n\t\t\t\t\t<div class=\"e-con-inner\">\n\t\t<div class=\"elementor-element elementor-element-c2bae3d e-con-full e-flex e-con e-child\" data-id=\"c2bae3d\" data-element_type=\"container\" data-e-type=\"container\">\n\t\t\t\t<div class=\"elementor-element elementor-element-f79e079 elementor-widget elementor-widget-image\" data-id=\"f79e079\" data-element_type=\"widget\" data-e-type=\"widget\" data-widget_type=\"image.default\">\n\t\t\t\t\t\t\t\t\t\t\t\t\t\t\t<img decoding=\"async\" src=\"https:\/\/my-brand.it\/wp-content\/uploads\/2026\/03\/030_DeniseScala-__DSC8304-FotoSitoWeb.jpg\" title=\"\" alt=\"\" loading=\"lazy\" \/>\t\t\t\t\t\t\t\t\t\t\t\t\t\t\t<\/div>\n\t\t\t\t<\/div>\n\t\t<div class=\"elementor-element elementor-element-fd01eb7 e-con-full e-flex e-con e-child\" data-id=\"fd01eb7\" data-element_type=\"container\" data-e-type=\"container\">\n\t\t\t\t<div class=\"elementor-element elementor-element-e133f73 elementor-widget elementor-widget-text-editor\" data-id=\"e133f73\" data-element_type=\"widget\" data-e-type=\"widget\" data-widget_type=\"text-editor.default\">\n\t\t\t\t\t\t\t\t\t<h1 dir=\"auto\">Votre marque,<\/h1><h1 dir=\"auto\">Avec la s\u00e9curit\u00e9 d\u2019un partenaire exp\u00e9riment\u00e9<\/h1><p dir=\"auto\">My Brand na\u00eet de l\u2019exp\u00e9rience trentenaire de C.O.D. Group dans la production de produits capillaires professionnels en private label.<\/p><p dir=\"auto\">Nous vous guidons pas \u00e0 pas dans la cr\u00e9ation de votre ligne, sans complications.<\/p>\t\t\t\t\t\t\t\t<\/div>\n\t\t\t\t<\/div>\n\t\t\t\t\t<\/div>\n\t\t\t\t<\/div>\n\t\t<div class=\"elementor-element elementor-element-2718bfc e-flex e-con-boxed e-con e-parent\" data-id=\"2718bfc\" data-element_type=\"container\" data-e-type=\"container\">\n\t\t\t\t\t<div class=\"e-con-inner\">\n\t\t\t\t<div class=\"elementor-element elementor-element-49ad70b elementor-widget elementor-widget-spacer\" data-id=\"49ad70b\" data-element_type=\"widget\" data-e-type=\"widget\" data-widget_type=\"spacer.default\">\n\t\t\t\t\t\t\t<div class=\"elementor-spacer\">\n\t\t\t<div class=\"elementor-spacer-inner\"><\/div>\n\t\t<\/div>\n\t\t\t\t\t\t<\/div>\n\t\t\t\t\t<\/div>\n\t\t\t\t<\/div>\n\t\t<div class=\"elementor-element elementor-element-9551493 e-flex e-con-boxed e-con e-parent\" data-id=\"9551493\" data-element_type=\"container\" data-e-type=\"container\" data-settings=\"{&quot;background_background&quot;:&quot;classic&quot;}\">\n\t\t\t\t\t<div class=\"e-con-inner\">\n\t\t\t\t<div class=\"elementor-element elementor-element-732df48 elementor-invisible elementor-widget elementor-widget-text-editor\" data-id=\"732df48\" data-element_type=\"widget\" data-e-type=\"widget\" data-settings=\"{&quot;_animation&quot;:&quot;fadeInUp&quot;}\" data-widget_type=\"text-editor.default\">\n\t\t\t\t\t\t\t\t\t<p dir=\"auto\">Trente ans d\u2019exp\u00e9rience dans la production professionnelle de produits capillaires nous ont permis de d\u00e9velopper plus de 2\u202f500 formules et de collaborer avec des milliers de salons. Avec My Brand, nous mettons ce savoir-faire directement \u00e0 votre disposition, pour que vous puissiez r\u00e9aliser votre r\u00eave sans stress et avec des r\u00e9sultats garantis. <\/p><p dir=\"auto\">My Brand est notre fa\u00e7on de rendre simple et r\u00e9el ce qui semblait auparavant compliqu\u00e9.<\/p>\t\t\t\t\t\t\t\t<\/div>\n\t\t\t\t\t<\/div>\n\t\t\t\t<\/div>\n\t\t<div class=\"elementor-element elementor-element-4eceab1 e-flex e-con-boxed e-con e-parent\" data-id=\"4eceab1\" data-element_type=\"container\" data-e-type=\"container\">\n\t\t\t\t\t<div class=\"e-con-inner\">\n\t\t\t\t<div class=\"elementor-element elementor-element-d49810d elementor-widget elementor-widget-spacer\" data-id=\"d49810d\" data-element_type=\"widget\" data-e-type=\"widget\" data-widget_type=\"spacer.default\">\n\t\t\t\t\t\t\t<div class=\"elementor-spacer\">\n\t\t\t<div class=\"elementor-spacer-inner\"><\/div>\n\t\t<\/div>\n\t\t\t\t\t\t<\/div>\n\t\t\t\t\t<\/div>\n\t\t\t\t<\/div>\n\t\t<div class=\"elementor-element elementor-element-c0d8fcb e-flex e-con-boxed e-con e-parent\" data-id=\"c0d8fcb\" data-element_type=\"container\" data-e-type=\"container\">\n\t\t\t\t\t<div class=\"e-con-inner\">\n\t\t\t\t<div class=\"elementor-element elementor-element-f477140 elementor-widget elementor-widget-image\" data-id=\"f477140\" data-element_type=\"widget\" data-e-type=\"widget\" data-widget_type=\"image.default\">\n\t\t\t\t\t\t\t\t\t\t\t\t\t\t\t<img fetchpriority=\"high\" decoding=\"async\" width=\"800\" height=\"209\" src=\"https:\/\/my-brand.it\/wp-content\/uploads\/2025\/09\/Top-Prodotti-1024x267.jpg\" class=\"attachment-large size-large wp-image-1698\" alt=\"\" srcset=\"https:\/\/my-brand.it\/wp-content\/uploads\/2025\/09\/Top-Prodotti-1024x267.jpg 1024w, https:\/\/my-brand.it\/wp-content\/uploads\/2025\/09\/Top-Prodotti-600x156.jpg 600w, https:\/\/my-brand.it\/wp-content\/uploads\/2025\/09\/Top-Prodotti-300x78.jpg 300w, https:\/\/my-brand.it\/wp-content\/uploads\/2025\/09\/Top-Prodotti-768x200.jpg 768w, https:\/\/my-brand.it\/wp-content\/uploads\/2025\/09\/Top-Prodotti-1536x400.jpg 1536w, https:\/\/my-brand.it\/wp-content\/uploads\/2025\/09\/Top-Prodotti-700x182.jpg 700w, https:\/\/my-brand.it\/wp-content\/uploads\/2025\/09\/Top-Prodotti.jpg 1600w\" sizes=\"(max-width: 800px) 100vw, 800px\" \/>\t\t\t\t\t\t\t\t\t\t\t\t\t\t\t<\/div>\n\t\t\t\t\t<\/div>\n\t\t\t\t<\/div>\n\t\t<div class=\"elementor-element elementor-element-cf0da26 e-flex e-con-boxed e-con e-parent\" data-id=\"cf0da26\" data-element_type=\"container\" data-e-type=\"container\">\n\t\t\t\t\t<div class=\"e-con-inner\">\n\t\t\t\t<div class=\"elementor-element elementor-element-558a47c elementor-widget elementor-widget-spacer\" data-id=\"558a47c\" data-element_type=\"widget\" data-e-type=\"widget\" data-widget_type=\"spacer.default\">\n\t\t\t\t\t\t\t<div class=\"elementor-spacer\">\n\t\t\t<div class=\"elementor-spacer-inner\"><\/div>\n\t\t<\/div>\n\t\t\t\t\t\t<\/div>\n\t\t\t\t\t<\/div>\n\t\t\t\t<\/div>\n\t\t<div class=\"elementor-element elementor-element-c3f1b0d e-flex e-con-boxed e-con e-parent\" data-id=\"c3f1b0d\" data-element_type=\"container\" data-e-type=\"container\">\n\t\t\t\t\t<div class=\"e-con-inner\">\n\t\t<div class=\"elementor-element elementor-element-b36d708 e-con-full elementor-hidden-mobile e-flex e-con e-child\" data-id=\"b36d708\" data-element_type=\"container\" data-e-type=\"container\">\n\t\t\t\t<\/div>\n\t\t<div class=\"elementor-element elementor-element-f7b4e9e e-con-full e-flex elementor-invisible e-con e-child\" data-id=\"f7b4e9e\" data-element_type=\"container\" data-e-type=\"container\" data-settings=\"{&quot;animation&quot;:&quot;fadeInUp&quot;}\">\n\t\t\t\t<div class=\"elementor-element elementor-element-d5caf8a elementor-widget elementor-widget-text-editor\" data-id=\"d5caf8a\" data-element_type=\"widget\" data-e-type=\"widget\" data-widget_type=\"text-editor.default\">\n\t\t\t\t\t\t\t\t\t<p dir=\"auto\">Support \u2192 notre \u00e9quipe vous accompagne pas \u00e0 pas dans la cr\u00e9ation de votre ligne.<\/p><p dir=\"auto\">Flexibilit\u00e9 \u2192 produisez votre ligne \u00e0 partir de seulement 6 pi\u00e8ces, sans risque.<\/p><p dir=\"auto\">Qualit\u00e9 professionnelle \u2192 des formules s\u00fbres, test\u00e9es et pr\u00eates \u00e0 l\u2019usage en salon.<\/p><p dir=\"auto\">Libert\u00e9 de marque \u2192 nous cr\u00e9ons votre \u00e9tiquette avec votre logo, vous g\u00e9rez vos marges et votre marque.<\/p>\t\t\t\t\t\t\t\t<\/div>\n\t\t\t\t<\/div>\n\t\t<div class=\"elementor-element elementor-element-269fd03 e-con-full elementor-hidden-mobile e-flex e-con e-child\" data-id=\"269fd03\" data-element_type=\"container\" data-e-type=\"container\">\n\t\t\t\t<\/div>\n\t\t\t\t\t<\/div>\n\t\t\t\t<\/div>\n\t\t<div class=\"elementor-element elementor-element-74c91de e-flex e-con-boxed e-con e-parent\" data-id=\"74c91de\" data-element_type=\"container\" data-e-type=\"container\">\n\t\t\t\t\t<div class=\"e-con-inner\">\n\t\t\t\t<div class=\"elementor-element elementor-element-a5a1bd1 elementor-widget elementor-widget-spacer\" data-id=\"a5a1bd1\" data-element_type=\"widget\" data-e-type=\"widget\" data-widget_type=\"spacer.default\">\n\t\t\t\t\t\t\t<div class=\"elementor-spacer\">\n\t\t\t<div class=\"elementor-spacer-inner\"><\/div>\n\t\t<\/div>\n\t\t\t\t\t\t<\/div>\n\t\t\t\t\t<\/div>\n\t\t\t\t<\/div>\n\t\t<div class=\"elementor-element elementor-element-1f78715 e-flex e-con-boxed e-con e-parent\" data-id=\"1f78715\" data-element_type=\"container\" data-e-type=\"container\" data-settings=\"{&quot;background_background&quot;:&quot;classic&quot;}\">\n\t\t\t\t\t<div class=\"e-con-inner\">\n\t\t<div class=\"elementor-element elementor-element-d763b2c e-con-full e-flex e-con e-child\" data-id=\"d763b2c\" data-element_type=\"container\" data-e-type=\"container\">\n\t\t\t\t<div class=\"elementor-element elementor-element-41fe5bf elementor-align-center elementor-widget elementor-widget-button\" data-id=\"41fe5bf\" data-element_type=\"widget\" data-e-type=\"widget\" data-widget_type=\"button.default\">\n\t\t\t\t\t\t\t\t\t\t<a class=\"elementor-button elementor-button-link elementor-size-sm elementor-animation-grow\" href=\"https:\/\/my-brand.it\/fr\/la-gamme\/\">\n\t\t\t\t\t\t<span class=\"elementor-button-content-wrapper\">\n\t\t\t\t\t\t\t\t\t<span class=\"elementor-button-text\">D\u00e9couvrez les produits<\/span>\n\t\t\t\t\t<\/span>\n\t\t\t\t\t<\/a>\n\t\t\t\t\t\t\t\t<\/div>\n\t\t\t\t<\/div>\n\t\t<div class=\"elementor-element elementor-element-90ad293 e-con-full e-flex e-con e-child\" data-id=\"90ad293\" data-element_type=\"container\" data-e-type=\"container\">\n\t\t\t\t<div class=\"elementor-element elementor-element-bfe3d9a elementor-widget elementor-widget-text-editor\" data-id=\"bfe3d9a\" data-element_type=\"widget\" data-e-type=\"widget\" data-widget_type=\"text-editor.default\">\n\t\t\t\t\t\t\t\t\t<p>Le choix de tes produits est la seule \u00e9tape qui te s\u00e9pare de la cr\u00e9ation de ta marque.<\/p>\t\t\t\t\t\t\t\t<\/div>\n\t\t\t\t<\/div>\n\t\t\t\t\t<\/div>\n\t\t\t\t<\/div>\n\t\t\t\t<\/div>\n\t\t","protected":false},"excerpt":{"rendered":"<p>Votre marque, Avec la s\u00e9curit\u00e9 d\u2019un partenaire exp\u00e9riment\u00e9 My Brand na\u00eet de l\u2019exp\u00e9rience trentenaire de C.O.D. Group dans la production de produits capillaires professionnels en private label. Nous vous guidons pas \u00e0 pas dans la cr\u00e9ation de votre ligne, sans complications. Trente ans d\u2019exp\u00e9rience dans la production professionnelle de produits capillaires nous ont permis de [&hellip;]<\/p>\n","protected":false},"author":1,"featured_media":1811,"parent":0,"menu_order":0,"comment_status":"closed","ping_status":"closed","template":"","meta":{"footnotes":""},"class_list":["post-1699","page","type-page","status-publish","has-post-thumbnail","hentry"],"_links":{"self":[{"href":"https:\/\/my-brand.it\/fr\/wp-json\/wp\/v2\/pages\/1699","targetHints":{"allow":["GET"]}}],"collection":[{"href":"https:\/\/my-brand.it\/fr\/wp-json\/wp\/v2\/pages"}],"about":[{"href":"https:\/\/my-brand.it\/fr\/wp-json\/wp\/v2\/types\/page"}],"author":[{"embeddable":true,"href":"https:\/\/my-brand.it\/fr\/wp-json\/wp\/v2\/users\/1"}],"replies":[{"embeddable":true,"href":"https:\/\/my-brand.it\/fr\/wp-json\/wp\/v2\/comments?post=1699"}],"version-history":[{"count":11,"href":"https:\/\/my-brand.it\/fr\/wp-json\/wp\/v2\/pages\/1699\/revisions"}],"predecessor-version":[{"id":2372,"href":"https:\/\/my-brand.it\/fr\/wp-json\/wp\/v2\/pages\/1699\/revisions\/2372"}],"wp:featuredmedia":[{"embeddable":true,"href":"https:\/\/my-brand.it\/fr\/wp-json\/wp\/v2\/media\/1811"}],"wp:attachment":[{"href":"https:\/\/my-brand.it\/fr\/wp-json\/wp\/v2\/media?parent=1699"}],"curies":[{"name":"wp","href":"https:\/\/api.w.org\/{rel}","templated":true}]}}